{"id":284,"date":"2021-06-03T09:39:52","date_gmt":"2021-06-03T07:39:52","guid":{"rendered":"http:\/\/isdama.com\/?page_id=284"},"modified":"2022-05-05T16:13:16","modified_gmt":"2022-05-05T14:13:16","slug":"politica-de-cookies","status":"publish","type":"page","link":"https:\/\/isdama.com\/es\/politica-de-cookies\/","title":{"rendered":"Pol\u00edtica de cookies"},"content":{"rendered":"<p>[et_pb_section fb_built=\u00bb1&#8243; _builder_version=\u00bb4.16&#8243; _module_preset=\u00bbdefault\u00bb global_colors_info=\u00bb{}\u00bb][et_pb_row _builder_version=\u00bb4.16&#8243; _module_preset=\u00bbdefault\u00bb global_colors_info=\u00bb{}\u00bb][et_pb_column type=\u00bb4_4&#8243; _builder_version=\u00bb4.16&#8243; _module_preset=\u00bbdefault\u00bb global_colors_info=\u00bb{}\u00bb][et_pb_text _builder_version=\u00bb4.17.3&#8243; _module_preset=\u00bbdefault\u00bb hover_enabled=\u00bb0&#8243; global_colors_info=\u00bb{}\u00bb sticky_enabled=\u00bb0&#8243;]<\/p>\n<h1><strong><u>POLITICA DE COOKIES<\/u><\/strong><\/h1>\n<p>&nbsp;<\/p>\n<p><strong><u>\u00bfQU\u00c9 SON LAS COOKIES Y C\u00d3MO LAS UTILIZA EL RESPONSABLE DE ESTA P\u00c1GINA WEB?<\/u><\/strong><\/p>\n<p>Este sitio web, al igual que la mayor\u00eda de los sitios web en Internet, usa Cookies para mejorar y optimizar la experiencia del usuario. Las Cookies son archivos que el sitio web o la aplicaci\u00f3n que utiliza instala en su navegador o en su dispositivo (Tel\u00e9fono M\u00f3vil, Tablet \u00a0o Televisi\u00f3n conectada) durante su recorrido por las p\u00e1ginas o por la aplicaci\u00f3n, y sirven para almacenar informaci\u00f3n sobre su visita. Como la mayor\u00eda de los sitios en internet, el portal web del responsable del sitio web puede utilizar Cookies para:<\/p>\n<ul>\n<li>Asegurar que las p\u00e1ginas web pueden funcionar correctamente.<\/li>\n<li>Almacenar sus preferencias, como el idioma que ha seleccionado o el tama\u00f1o de letra.<\/li>\n<li>Conocer su experiencia de navegaci\u00f3n.<\/li>\n<li>Recopilar informaci\u00f3n estad\u00edstica an\u00f3nima, como qu\u00e9 p\u00e1ginas ha visto o cu\u00e1nto tiempo ha estado en nuestros medios.<\/li>\n<\/ul>\n<p>El uso de Cookies nos permite optimizar su navegaci\u00f3n, adaptando la informaci\u00f3n y los servicios ofrecidos a sus intereses, para proporcionarle una mejor experiencia siempre que nos visite. Este sitio web\u00a0 utiliza Cookies para funcionar, adaptar y facilitar al m\u00e1ximo la navegaci\u00f3n del usuario.<\/p>\n<p>Las Cookies se asocian \u00fanicamente a un usuario an\u00f3nimo y a su ordenador\/dispositivo y no proporcionan referencias que permitan conocer datos personales. En todo momento podr\u00e1 acceder a la configuraci\u00f3n de su navegador para modificar y\/o bloquear la instalaci\u00f3n de las Cookies enviadas por el sitio web sin que ello impida al acceso a los contenidos. Sin embargo, la calidad del funcionamiento de los servicios puede verse afectada.<\/p>\n<p>Los Usuarios que completen el proceso de registro o hayan iniciado sesi\u00f3n con sus datos de acceso podr\u00e1n acceder a servicios personalizados y adaptados a sus preferencias seg\u00fan la informaci\u00f3n personal suministrada en el momento del registro y la almacenada en la Cookie de su navegador.<\/p>\n<p>Las herramientas de email-marketing del responsable del sitio web puede\u00a0 \u00a0utilizar peque\u00f1as im\u00e1genes invisibles para los usuarios que son incluidas en los emails. Esta tecnolog\u00eda nos permite saber si un email se ha le\u00eddo o no, en qu\u00e9 fecha, la direcci\u00f3n IP desde la que ha sido consultado, etc. Con esta informaci\u00f3n, se realizan estudios estad\u00edsticos y anal\u00edticos sobre el env\u00edo y recepci\u00f3n de los emails para mejorar la oferta de los servicios a los que el usuario est\u00e1 suscrito y ofrecerle informaci\u00f3n que pueda ser de su inter\u00e9s.<\/p>\n<p>&nbsp;<\/p>\n<p><strong><u>\u00bfPOR QU\u00c9 SON IMPORTANTES LAS COOKIES?<\/u><\/strong><\/p>\n<ul>\n<li>Desde un punto de vista t\u00e9cnico, permiten que el sitio web funcione de forma m\u00e1s \u00e1gil y adaptada a las preferencias de los usuarios, como por ejemplo almacenar el idioma, la moneda del pa\u00eds o detectar el dispositivo de acceso.<\/li>\n<li>Establecen niveles de protecci\u00f3n y seguridad que impiden o dificultan c\u00edber ataques contra el sitio web o sus usuarios.<\/li>\n<li>Permiten que los gestores de los medios puedan conocer datos estad\u00edsticos recopilados en las cookies para mejorar la calidad y experiencia de sus servicios.<\/li>\n<li>Sirven para optimizar la publicidad que mostramos a los usuarios, ofreciendo la que m\u00e1s se ajusta a sus intereses.<\/li>\n<\/ul>\n<p>&nbsp;<\/p>\n<p><u>\u00a0<strong>\u00bfQU\u00c9 TIPO DE COOKIES PODEMOS USAR EN NUESTRA WEB?<\/strong><\/u><\/p>\n<p><u>Cookies Anal\u00edticas:<\/u> Con prop\u00f3sitos de mantenimiento peri\u00f3dico, y en aras de garantizar el mejor servicio posible al usuario, este sitio web puede hacer uso de cookies \u201canal\u00edticas\u201d para el recabado de estad\u00edsticas de actividad. La informaci\u00f3n recabada ser\u00e1 en todo caso an\u00f3nima, no siendo posible establecer v\u00ednculo alguno entre patrones de navegaci\u00f3n y personas f\u00edsicas. El usuario podr\u00e1 excluir su actividad individual mediante los sistemas de exclusi\u00f3n facilitados por los propios proveedores de los sistemas de an\u00e1lisis que utilizan estas cookies, como Google Analytics.<\/p>\n<p><u>Otras Cookies de Uso Interno:<\/u> Adem\u00e1s, esta web puede usar diversas cookies para el mantenimiento de sesiones de usuario entre diferentes \u201clogins\u201d a las \u00e1reas privadas o de autogesti\u00f3n facilitadas. Su desactivaci\u00f3n ocasiona normalmente molestias al usuario en forma de funcionalidades bloqueadas, y son por tanto cookies necesarias para el funcionamiento de este sitio web.<\/p>\n<p><u>Cookies usadas por Redes Sociales:<\/u> Adem\u00e1s, en la medida en que se hace uso de Social Plugins, esta web puede participar de distintas redes sociales para permitir que el usuario pueda compartir con su c\u00edrculo social aquellos contenidos que le resulten de inter\u00e9s.<\/p>\n<p><u>Cookies usadas por complementos externos de contenido:<\/u> Este sitio web puede hacer uso de complementos de visualizaci\u00f3n de contenido, como por ejemplo Google Maps para visualizar ubicaciones geogr\u00e1ficas. Su uso implica en ocasiones la remisi\u00f3n de ciertas cookies. \u00a0Algunas de estas cookies son instaladas y gestionadas por los proveedores de dichos complementos, no pudiendo ser accedidas por este sitio web.<\/p>\n<p><u>Cookies de Terceros para la personalizaci\u00f3n de espacios publicitarios:<\/u> Este sitio web puede hacer uso de ad servers y, por ende, cookies vinculadas a los mismos para la elaboraci\u00f3n de perfiles a partir de preferencias y comportamiento.<\/p>\n<p>&nbsp;<\/p>\n<p><strong><u>RELACI\u00d3N Y DESCRIPCI\u00d3N DE COOKIES. NIVELES DE INTRUSIVIDAD:<\/u><\/strong><\/p>\n<p>La tabla que aqu\u00ed sigue esquematiza las cookies arriba expuestas, incorporando un criterio de \u201cnivel de intrusividad\u201d apoyado en una escala del 1 al 3, en la que:<\/p>\n<p><strong><u>Nivel 1:<\/u><\/strong> Se corresponde con cookies de uso interno imprescindibles para el funcionamiento del sitio web y, por tanto, la prestaci\u00f3n del servicio solicitado por el usuario, as\u00ed como cookies gestionadas por terceros con la \u00fanica finalidad de permitir el correcto funcionamiento de complementos externos de contenido y, por tanto, necesarias para la correcta visualizaci\u00f3n de este sitio web.<\/p>\n<p><strong><u>Nivel 2:<\/u><\/strong> Se corresponde con cookies an\u00f3nimas, anal\u00edticas, de uso interno, necesarias para el mantenimiento de contenidos y navegaci\u00f3n, y exclusivamente gestionadas por este sitio web.<\/p>\n<p><strong><u>Nivel 3:<\/u><\/strong> Se corresponde con cookies gestionadas por terceros que permiten el seguimiento del usuario a trav\u00e9s de otras webs o servicios.<\/p>\n<p>&nbsp;<\/p>\n<p><u><strong>TABLA DE COOKIES QUE SE PUEDEN USAR \u00a0EN ESTE SITIO WEB, INDICANDO EL GESTOR DE LAS MISMAS CUANDO ES UN TERCERO<\/strong><\/u><\/p>\n<p>&nbsp;<\/p>\n<table width=\"573\">\n<tbody>\n<tr>\n<td width=\"64\"><strong>Cookie<\/strong><\/td>\n<td width=\"66\"><strong>Duraci\u00f3n<\/strong><\/td>\n<td width=\"358\"><strong>Prop\u00f3sito<\/strong><\/td>\n<td width=\"85\"><strong>Intrusividad<\/strong><\/td>\n<\/tr>\n<tr>\n<td width=\"64\">sessionid<\/td>\n<td width=\"66\">1 mes<\/td>\n<td width=\"358\">&#8211; Cookie propia. Mantenimiento de la sesi\u00f3n de usuario a lo largo de la web y formularios.<\/td>\n<td width=\"85\">nivel 1<\/td>\n<\/tr>\n<tr>\n<td width=\"64\">__utma<\/td>\n<td width=\"66\">2 a\u00f1os<\/td>\n<td width=\"358\">&#8211; Cuando este usuario vuelva a entrar en nuestra p\u00e1gina con el mismo navegador, la cookie considerar\u00e1 que es el mismo usuario. S\u00f3lo en el caso de que el usuario cambie de navegador, Google Analytics lo considerar\u00e1 otro usuario.<\/td>\n<td width=\"85\">nivel 2<\/td>\n<\/tr>\n<tr>\n<td width=\"64\">__utmb<\/td>\n<td width=\"66\">30 minutos<\/td>\n<td width=\"358\">&#8211; Medici\u00f3n interna con Google Analytics. Habilita la funci\u00f3n de c\u00e1lculo del tiempo de sesi\u00f3n. Registra la hora de entrada en la p\u00e1gina.<\/td>\n<td width=\"85\">nivel 2<\/td>\n<\/tr>\n<tr>\n<td width=\"64\">__utmc<\/td>\n<td width=\"66\">De sesi\u00f3n<\/td>\n<td width=\"358\">&#8211; Medici\u00f3n interna con Google Analytics. Habilita la funci\u00f3n de c\u00e1lculo del tiempo de sesi\u00f3n. Comprueba si se debe mantener la sesi\u00f3n abierta o se debe crear una sesi\u00f3n nueva. Se elimina autom\u00e1ticamente al cambiar de web o al cerrar el navegador.<\/td>\n<td width=\"85\">nivel 2<\/td>\n<\/tr>\n<tr>\n<td width=\"64\">__utmz<\/td>\n<td width=\"66\">6 meses<\/td>\n<td width=\"358\">&#8211; Medici\u00f3n interna con Google Analytics. Habilita la funci\u00f3n de registro de la procedencia del usuario. Los datos registrados ser\u00e1n, entre otros, si el usuario llega a nuestro Website por tr\u00e1fico directo, desde otra web, desde una campa\u00f1a publicitaria o desde un buscador (indicando la palabra clave utilizada y la fuente).<\/td>\n<td width=\"85\">nivel 2<\/td>\n<\/tr>\n<\/tbody>\n<\/table>\n<p>&nbsp;<\/p>\n<p><strong><u>\u00bfC\u00d3MO PUEDE DESACTIVAR O ELIMINAR ESTAS COOKIES?<\/u><\/strong><\/p>\n<p>El usuario podr\u00e1 en cualquier momento elegir qu\u00e9 cookies quiere que funcionen en este sitio web mediante, por ejemplo, la configuraci\u00f3n del navegador en:<\/p>\n<p>Internet Explorer:\u00a0 <u><a href=\"https:\/\/privacy.microsoft.com\/es-es\/privacystatement\" rel=\"nofollow noopener\" target=\"_blank\">https:\/\/privacy.microsoft.com\/es-es\/privacystatement<\/a><\/u><\/p>\n<p>Safari: <u><a href=\"https:\/\/www.apple.com\/legal\/privacy\/es\/cookies\/\" rel=\"nofollow noopener\" target=\"_blank\">https:\/\/www.apple.com\/legal\/privacy\/es\/cookies\/<\/a><\/u><\/p>\n<p>Google Chrome: <u><a href=\"https:\/\/support.google.com\/chrome\/answer\/95647?hl=es&amp;hlrm=en\" rel=\"nofollow noopener\" target=\"_blank\">https:\/\/support.google.com\/chrome\/answer\/95647?hl=es&amp;hlrm=en<\/a><\/u><\/p>\n<p>Google:\u00a0 <u><a href=\"https:\/\/www.google.com\/intl\/es\/policies\/privacy\/\" rel=\"nofollow noopener\" target=\"_blank\">https:\/\/www.google.com\/intl\/es\/policies\/privacy\/<\/a><\/u><\/p>\n<p>Firefox: <u><a href=\"https:\/\/support.mozilla.org\/es\/kb\/Borrar%20cookies\" rel=\"nofollow noopener\" target=\"_blank\">https:\/\/support.mozilla.org\/es\/kb\/Borrar%20cookies<\/a><\/u><\/p>\n<p>Opera: <u><a href=\"https:\/\/www.opera.com\/es\/privacy\" rel=\"nofollow noopener\" target=\"_blank\">https:\/\/www.opera.com\/es\/privacy<\/a><\/u><\/p>\n<p>Android (Google):\u00a0 <u><a href=\"https:\/\/www.google.com\/intl\/es\/policies\/privacy\/\" rel=\"nofollow noopener\" target=\"_blank\">https:\/\/www.google.com\/intl\/es\/policies\/privacy\/<\/a><\/u><\/p>\n<p>Windows Phone (Microsoft): <u><a href=\"https:\/\/privacy.microsoft.com\/es-es\/privacystatement\" rel=\"nofollow noopener\" target=\"_blank\">https:\/\/privacy.microsoft.com\/es-es\/privacystatement<\/a><\/u><\/p>\n<p><strong><u>\u00a0<\/u><\/strong><\/p>\n<p><strong><u>QU\u00c9 OCURRE SI SE DESHABILITAN LAS COOKIES<\/u><\/strong><\/p>\n<p>Algunas funcionalidades de los Servicios quedar\u00e1n deshabilitadas.<\/p>\n<p><strong><u>\u00a0<\/u><\/strong><\/p>\n<p><strong><u>ACTUALIZACI\u00d3N DE NUESTRA POL\u00cdTICA DE COOKIES<\/u><\/strong><\/p>\n<p>Es posible que peri\u00f3dicamente el responsable del sitio web actualice \u00a0la Pol\u00edtica de Cookies de este sitio web, por ello le recomendamos revisar esta pol\u00edtica cada vez que acceda al mismo con el objetivo de estar adecuadamente informado sobre c\u00f3mo y para qu\u00e9 usamos la pol\u00edtica de cookies.<\/p>\n<p>[\/et_pb_text][\/et_pb_column][\/et_pb_row][\/et_pb_section]<\/p>\n","protected":false},"excerpt":{"rendered":"<p>POLITICA DE COOKIES &nbsp; \u00bfQU\u00c9 SON LAS COOKIES Y C\u00d3MO LAS UTILIZA EL RESPONSABLE DE ESTA P\u00c1GINA WEB? Este sitio web, al igual que la mayor\u00eda de los sitios web en Internet, usa Cookies para mejorar y optimizar la experiencia del usuario. Las Cookies son archivos que el sitio web o la aplicaci\u00f3n que utiliza [&hellip;]<\/p>\n","protected":false},"author":1,"featured_media":0,"parent":0,"menu_order":0,"comment_status":"closed","ping_status":"closed","template":"","meta":{"_et_pb_use_builder":"on","_et_pb_old_content":"","_et_gb_content_width":"","footnotes":""},"class_list":["post-284","page","type-page","status-publish","hentry"],"_links":{"self":[{"href":"https:\/\/isdama.com\/es\/wp-json\/wp\/v2\/pages\/284"}],"collection":[{"href":"https:\/\/isdama.com\/es\/wp-json\/wp\/v2\/pages"}],"about":[{"href":"https:\/\/isdama.com\/es\/wp-json\/wp\/v2\/types\/page"}],"author":[{"embeddable":true,"href":"https:\/\/isdama.com\/es\/wp-json\/wp\/v2\/users\/1"}],"replies":[{"embeddable":true,"href":"https:\/\/isdama.com\/es\/wp-json\/wp\/v2\/comments?post=284"}],"version-history":[{"count":5,"href":"https:\/\/isdama.com\/es\/wp-json\/wp\/v2\/pages\/284\/revisions"}],"predecessor-version":[{"id":571,"href":"https:\/\/isdama.com\/es\/wp-json\/wp\/v2\/pages\/284\/revisions\/571"}],"wp:attachment":[{"href":"https:\/\/isdama.com\/es\/wp-json\/wp\/v2\/media?parent=284"}],"curies":[{"name":"wp","href":"https:\/\/api.w.org\/{rel}","templated":true}]}}