{"id":292,"date":"2021-06-03T13:33:37","date_gmt":"2021-06-03T11:33:37","guid":{"rendered":"http:\/\/isdama.com\/?page_id=292"},"modified":"2021-08-18T14:10:40","modified_gmt":"2021-08-18T12:10:40","slug":"politica-de-privacidad","status":"publish","type":"page","link":"https:\/\/isdama.com\/es\/politica-de-privacidad\/","title":{"rendered":"Pol\u00edtica de privacidad"},"content":{"rendered":"<p>[et_pb_section fb_built=\u00bb1&#8243; _builder_version=\u00bb4.9.4&#8243; _module_preset=\u00bbdefault\u00bb global_colors_info=\u00bb{}\u00bb][et_pb_row _builder_version=\u00bb4.9.4&#8243; _module_preset=\u00bbdefault\u00bb global_colors_info=\u00bb{}\u00bb][et_pb_column type=\u00bb4_4&#8243; _builder_version=\u00bb4.9.4&#8243; _module_preset=\u00bbdefault\u00bb global_colors_info=\u00bb{}\u00bb][et_pb_text _builder_version=\u00bb4.9.11&#8243; _module_preset=\u00bbdefault\u00bb hover_enabled=\u00bb0&#8243; global_colors_info=\u00bb{}\u00bb sticky_enabled=\u00bb0&#8243;]<\/p>\n<p><h1>POL\u00cdTICA PRIVACIDAD Y PROTECCI\u00d3N DE DATOS<\/h1>\n<p>Informaci\u00f3n b\u00e1sica sobre la pol\u00edtica de privacidad de Isdama Shoes S.L.U.<\/p>\n<p><u>Responsable: <\/u><\/p>\n<p>Isdama Shoes S.L.U.<\/p>\n<p><u>Finalidad: <\/u><\/p>\n<p>Prestar los servicios ofrecidos a trav\u00e9s de la web o atender otros tipos de relaciones que puedan surgir como consecuencia de las solicitudes, gestiones o tr\u00e1mites que el usuario realice a trav\u00e9s de esta.<\/p>\n<p><u>Legitimaci\u00f3n: <\/u><\/p>\n<p>Consentimiento del interesado seg\u00fan lo dispuesto en el Reglamento (UE) 2016\/679 y la LOPDGDD 3\/2018.<\/p>\n<p><u>Destinatarios:<\/u><\/p>\n<p>Fichero interno automatizado propiedad del Responsable y de \u00a0terceros para el desarrollo, mantenimiento y control de la relaci\u00f3n \u00a0que se establezca cuando exista autorizaci\u00f3n legal por el usuario para hacerlo.<\/p>\n<p><u>Derechos:<\/u><\/p>\n<p>Acceso, Rectificaci\u00f3n, Supresi\u00f3n, Portabilidad, Limitaci\u00f3n, Oposici\u00f3n y Derecho al olvido.<\/p>\n<p>&nbsp;<\/p>\n<p><strong> <u>RECOGIDA, TRATAMIENTO Y USO DE LOS DATOS PERSONALES EN LA WEB.<\/u><\/strong><\/p>\n<p>Nombre: Isdama Shoes S.L.U.<\/p>\n<p>DNI\/CIF: <span>B-54481320<\/span><\/p>\n<p>Domicilio: <span>POL. IND. CARR\u00daS C\/INCA N\u00ba68, 03206 ELCHE\/ELX\u00a0(ALICANTE)<\/span><\/p>\n<p>Tel\u00e9fono: +34 <span>965 406 123<\/span><\/p>\n<p>Correo Electr\u00f3nico: <a href=\"mailto:isdama@isdama.com\">isdama@isdama.com<\/a><\/p>\n<p>Nombre de la Web: isdama.com<\/p>\n<p>Datos Registrales: REG. MERC. DE ALICANTE TOMO: 3437, LIBRO O FOLIO 190 HOJA A-120503, INSCRIPC. 1\u00aa<\/p>\n<p><span style=\"font-size: 14px;\"><\/span><\/p>\n<p><span style=\"font-size: 14px;\">Para realizar cualquier tipo de observaci\u00f3n respecto a posibles incumplimientos de los derechos de propiedad intelectual o industrial, as\u00ed como sobre cualquiera de los contenidos del sitio web, puede hacerlo poni\u00e9ndose en contacto con el responsable del sitio web \u00a0a trav\u00e9s de cualquiera de la direcci\u00f3n de correo electr\u00f3nico facilitada o por correo postal.<\/span><span style=\"font-size: 14px;\"> <\/span><\/p>\n<p><span style=\"font-size: 14px;\">Los contenidos del sitio web, tienen como finalidad informar a los usuarios, de los servicios ofrecidos por el responsable de la web como consecuencia de las solicitudes, gestiones o tr\u00e1mites que en adelante el usuario realice mediante este sitio web. Los datos objeto de tratamiento ser\u00e1n aquellos que nos facilite a trav\u00e9s del formulario\/s que en cada momento contenga la p\u00e1gina o a trav\u00e9s de los correos electr\u00f3nicos que el usuario dirija a la direcci\u00f3n\/es de correo electr\u00f3nico identificadas en la misma, as\u00ed como aquellos otros que se generen durante el mantenimiento de la relaci\u00f3n correspondiente.<\/span><\/p>\n<p><span style=\"font-size: 14px;\">Todos los campos que puedan aparecer \u00a0\u00a0se\u00f1alados como obligatorios en el formulario deber\u00e1n ser cumplimentados necesariamente, de tal modo que la omisi\u00f3n de alguno de ellos podr\u00e1 comportar la imposibilidad de que se pueda atender su solicitud o prestarle los servicios correspondientes.<\/span><\/p>\n<p><span style=\"font-size: 14px;\">Adicionalmente, durante dicha recogida de datos, es posible que se solicite su consentimiento para otra serie de finalidades que no guardan una relaci\u00f3n directa con el servicio o la relaci\u00f3n correspondiente. En el caso de que no est\u00e9 de acuerdo con dichos tratamientos adicionales, p\u00f3ngase en contacto con\u00a0 el responsable del sitio web \u00a0a trav\u00e9s del \u00a0correo electr\u00f3nico facilitado.<\/span><\/p>\n<p><span style=\"font-size: 14px;\">Solicitantes de informaci\u00f3n: Los datos personales utilizados en estos casos, proceden del propio interesado, el cual los proporciona al responsable de la web al completar el formulario de contacto contenido en el sitio web, al efectuar una llamada telef\u00f3nica, o al enviar un correo electr\u00f3nico.<\/span><\/p>\n<p><span style=\"font-size: 14px;\">Estos datos se utilizan con la finalidad de resolver las consultas y proporcionar informaci\u00f3n a aquellos que lo demanden o lo autoricen expresamente, principalmente por medio del correo electr\u00f3nico.<\/span><\/p>\n<p><span style=\"font-size: 14px;\">La persona que acceda a este sitio web \u00a0asegura que tiene la edad m\u00ednima legal ( 14 a\u00f1os) establecida por el Reglamento General de Protecci\u00f3n de Datos 2016\/679 y\u00a0 Ley Org\u00e1nica 3\/2018, de Protecci\u00f3n de Datos Personales y garant\u00eda de derechos digitales (LOPDGDD), o por la normativa nacional que le sea de aplicaci\u00f3n para otorgar el consentimiento en relaci\u00f3n con los Servicios de la Sociedad de la Informaci\u00f3n.<\/span><\/p>\n<p><span style=\"font-size: 14px;\">Mediante el acceso a este sitio web, el usuario acepta expresamente todas las cl\u00e1usulas de su informaci\u00f3n legal, de esta pol\u00edtica de privacidad y de su pol\u00edtica de cookies, as\u00ed como de todas aquellas condiciones particulares recogidas para la utilizaci\u00f3n de determinados servicios. En caso de no aceptar alguna de las citadas cl\u00e1usulas, el usuario deber\u00e1 abstenerse de acceder a este sitio web.<\/span><\/p>\n<p><span style=\"font-size: 14px;\">Al acceder el usuario a las posibles cuentas del responsable del sitio web en \u00a0redes sociales, acepta el tratamiento de sus datos personales por parte de las mismas seg\u00fan sus pol\u00edticas de privacidad.<\/span><span style=\"font-size: 14px;\"> <\/span><\/p>\n<p><strong style=\"font-size: 14px;\"><u><\/u><\/strong><\/p>\n<p><strong style=\"font-size: 14px;\"><u>2. FINALIDAD DEL TRATAMIENTO DE LOS DATOS PERSONALES.<\/u><\/strong><\/p>\n<p>&nbsp;<\/p>\n<p>2.1. \u00bfCon qu\u00e9 finalidad se tratar\u00e1n sus datos personales?<\/p>\n<p>El responsable del sitio web tratar\u00e1 sus datos personales recabados a trav\u00e9s del sitio web con las siguientes finalidades:<\/p>\n<p>\u2013 Env\u00edo de informaci\u00f3n solicitada a trav\u00e9s del formulario\/s de contacto dispuestos en el sitio web para la finalidad solicitar cualquier tipo de consulta relacionada con los productos o servicios que presta el responsable del sitio web.<\/p>\n<p>\u2013 Analizar el perfil del usuario con el motivo de optimizar, medir y personalizar el uso del sitio web.<\/p>\n<p>\u2013 Remitir boletines \u201c newsletters \u201d, as\u00ed como comunicaciones comerciales de promociones y\/o publicidad del responsable del sitio web.<\/p>\n<p>\u00a0Asimismo, le recordamos que puede oponerse al env\u00edo de comunicaciones comerciales por cualquier v\u00eda y en cualquier momento, dirigi\u00e9ndose al responsable del sitio web por correo postal o por correo electr\u00f3nico.<\/p>\n<p>Los campos de dichos registros son de cumplimentaci\u00f3n obligatoria, siendo imposible realizar las finalidades expresadas si no se aportan esos datos.<\/p>\n<p><strong style=\"font-size: 14px;\"><u><\/u><\/strong><\/p>\n<p><strong style=\"font-size: 14px;\"><u>3. LEGITIMACI\u00d3N.<\/u><\/strong><\/p>\n<p>El tratamiento de sus datos se realiza con las siguientes bases jur\u00eddicas que legitiman el mismo tales como el consentimiento libre, espec\u00edfico, informado e inequ\u00edvoco, en tanto que le informamos poniendo a su disposici\u00f3n la presente pol\u00edtica de privacidad.<\/p>\n<p>En caso de que no nos facilite sus datos o lo haga de forma err\u00f3nea o incompleta, no podremos atender su solicitud, resultando del todo imposible proporcionarle la informaci\u00f3n solicitada o llevar a cabo la contrataci\u00f3n de los servicios.<\/p>\n<p><strong style=\"font-size: 14px;\"><u><\/u><\/strong><\/p>\n<p><strong style=\"font-size: 14px;\"><u>4. GARANT\u00cdA.<\/u><\/strong><\/p>\n<p>El Usuario garantiza que los datos aportados son verdaderos, exactos, completos y actualizados, siendo responsable de cualquier da\u00f1o o perjuicio, directo o indirecto, que pudiera ocasionarse como consecuencia del incumplimiento de tal obligaci\u00f3n. En el caso de que los datos aportados pertenecieran a un tercero, el usuario garantiza que ha informado a dicho tercero y obtenido su autorizaci\u00f3n para facilitar sus datos personales al responsable del sitio web.<\/p>\n<p><strong style=\"font-size: 14px;\"><u><\/u><\/strong><\/p>\n<p><strong style=\"font-size: 14px;\"><u>5. CONSERVACI\u00d3N DE DATOS.<\/u><\/strong><\/p>\n<p>Sus datos se conservar\u00e1n mientras se mantenga la relaci\u00f3n contractual o durante los a\u00f1os necesarios para cumplir con las obligaciones legales, mientras no solicite su cese o durante el tiempo necesario para la realizaci\u00f3n de los fines necesarios para los que fueron recabados.<\/p>\n<p><strong style=\"font-size: 14px;\"><u><\/u><\/strong><\/p>\n<p><strong style=\"font-size: 14px;\"><u>6. DESTINATARIOS.<\/u><\/strong><\/p>\n<p>Sus datos ser\u00e1n conservados bajo estrictas medidas de seguridad que garanticen la confidencialidad y la seguridad de los mismos.<\/p>\n<p>S\u00f3lo podr\u00e1n ser cedidos para las siguientes finalidades:<\/p>\n<p>-Entidades y proveedores que prestan servicios al responsable del sito web para la correcta realizaci\u00f3n de estos servicios. Dichas entidades y proveedores se encuentran debidamente acreditados y firman con el responsable del sitio web el correspondiente contrato de tratamiento de datos en cumplimiento de la normativa de protecci\u00f3n de datos vigente.<\/p>\n<p>-Organismos y entidades oficiales en cumplimiento de las normativas y leyes vigentes.<\/p>\n<p>Cualquier transferencia internacional de datos al usar aplicaciones americanas, estar\u00e1 adherida al convenio Privacy \u00a0Shield, que garantiza que las empresas de software americano cumplen las pol\u00edticas de protecci\u00f3n de datos europeas en materia de privacidad.<\/p>\n<p>Los datos no se comunicar\u00e1n a ning\u00fan tercero ajeno al responsable del sitio web fuera de los casos anteriormente descritos, salvo obligaci\u00f3n legal o autorizaci\u00f3n previa.<\/p>\n<p><strong style=\"font-size: 14px;\"><u><\/u><\/strong><\/p>\n<p><strong style=\"font-size: 14px;\"><u>7. DERECHOS.<\/u><\/strong><\/p>\n<p>Como interesado que nos ha proporcionado sus datos personales, tiene pleno derecho para ejercitar los siguientes derechos que la normativa en materia de protecci\u00f3n de datos le reconoce, conforme a lo previsto en la misma:<\/p>\n<p>\u2013 Derecho de <u>ACCESO<\/u> a sus datos personales.<\/p>\n<p>\u2013 Derechos de solicitar la <u>RECTIFICACI\u00d3N<\/u> de los datos inexactos.<\/p>\n<p>\u2013 Derecho de solicitar su <u>SUPRESI\u00d3N<\/u> cuando, entre otros motivos, los datos ya no sean necesarios para los fines que fueron recogidos.<\/p>\n<p>\u2013 En determinadas circunstancias, podr\u00e1 solicitar la <u>LIMITACI\u00d3N DEL TRATAMIENTO<\/u> de sus datos, en cuyo caso \u00fanicamente los conservaremos para el ejercicio o la defensa de reclamaciones.<\/p>\n<p>\u2013 En determinadas circunstancias y por motivos relacionados con su situaci\u00f3n particular, los interesados podr\u00e1n ejercitar su derecho de <u>OPOSICI\u00d3N<\/u> al tratamiento de sus datos. Dejaremos de tratar los datos, salvo por motivos leg\u00edtimos imperiosos, o el ejercicio o la defensa de posibles reclamaciones.<\/p>\n<p>\u2013 En determinadas circunstancias y por motivos relacionados con tu situaci\u00f3n particular, podr\u00e1 solicitar su derecho a la <u>PORTABILIDAD <\/u>de los datos.<\/p>\n<p>Podr\u00e1 ejercer tales derechos o solicitar informaci\u00f3n adicional presentando copia de un documento identificativo y exponiendo \u00a0su caso y el derecho que quiere ejercer, mediante carta postal dirigida al responsable del sitio web\u00a0 o a trav\u00e9s de la direcci\u00f3n de correo electr\u00f3nico facilitada.<\/p>\n<p>Adem\u00e1s, en caso de que se haya vulnerado cualquiera de tus derechos, el interesado tiene derecho a presentar una reclamaci\u00f3n ante la Agencia Espa\u00f1ola de Protecci\u00f3n de Datos (AEPD), en C\/ Jorge Juan, 6, 28001-Madrid o a trav\u00e9s de la sede electr\u00f3nica de la AEPD: https:\/\/sedeagpd.gob.es\/sede-electronica-web\/.<\/p>\n<p>&nbsp;<\/p>\n<p><strong style=\"font-size: 14px;\"><u>8. DURACI\u00d3N Y MODIFICACI\u00d3N DE LA POL\u00cdTICA DE PRIVACIDAD.<\/u><\/strong><\/p>\n<p>El responsable del sitio web, se reserva el derecho a modificar, total o parcialmente, la presente Pol\u00edtica de Privacidad, publicando los cambios en el sitio web. Asimismo, podr\u00e1 efectuar sin previo aviso las modificaciones que considere oportunas, pudiendo cambiar, suprimir o a\u00f1adir tanto los contenidos y servicios que presta, como la forma en la que \u00e9stos aparezcan presentados o localizados. En consecuencia, se entender\u00e1n como vigentes, las condiciones generales\/pol\u00edticas que est\u00e9n publicadas en el momento en el que el Usuario acceda deber\u00e1 leerlas peri\u00f3dicamente.<\/p>\n<p>Con independencia de lo dispuesto, el responsable de la web podr\u00e1 dar por terminado, suspender o interrumpir, en cualquier momento sin necesidad de preaviso, el acceso a los contenidos del sitio web, sin posibilidad por parte del Usuario de exigir indemnizaci\u00f3n alguna.<\/p>\n<p>&nbsp;<\/p>\n<p>[\/et_pb_text][\/et_pb_column][\/et_pb_row][\/et_pb_section]<\/p>\n","protected":false},"excerpt":{"rendered":"<p>POL\u00cdTICA PRIVACIDAD Y PROTECCI\u00d3N DE DATOS Informaci\u00f3n b\u00e1sica sobre la pol\u00edtica de privacidad de Isdama Shoes S.L.U. Responsable: Isdama Shoes S.L.U. Finalidad: Prestar los servicios ofrecidos a trav\u00e9s de la web o atender otros tipos de relaciones que puedan surgir como consecuencia de las solicitudes, gestiones o tr\u00e1mites que el usuario realice a trav\u00e9s de [&hellip;]<\/p>\n","protected":false},"author":1,"featured_media":0,"parent":0,"menu_order":0,"comment_status":"closed","ping_status":"closed","template":"","meta":{"_et_pb_use_builder":"on","_et_pb_old_content":"","_et_gb_content_width":"","footnotes":""},"class_list":["post-292","page","type-page","status-publish","hentry"],"_links":{"self":[{"href":"https:\/\/isdama.com\/es\/wp-json\/wp\/v2\/pages\/292"}],"collection":[{"href":"https:\/\/isdama.com\/es\/wp-json\/wp\/v2\/pages"}],"about":[{"href":"https:\/\/isdama.com\/es\/wp-json\/wp\/v2\/types\/page"}],"author":[{"embeddable":true,"href":"https:\/\/isdama.com\/es\/wp-json\/wp\/v2\/users\/1"}],"replies":[{"embeddable":true,"href":"https:\/\/isdama.com\/es\/wp-json\/wp\/v2\/comments?post=292"}],"version-history":[{"count":5,"href":"https:\/\/isdama.com\/es\/wp-json\/wp\/v2\/pages\/292\/revisions"}],"predecessor-version":[{"id":447,"href":"https:\/\/isdama.com\/es\/wp-json\/wp\/v2\/pages\/292\/revisions\/447"}],"wp:attachment":[{"href":"https:\/\/isdama.com\/es\/wp-json\/wp\/v2\/media?parent=292"}],"curies":[{"name":"wp","href":"https:\/\/api.w.org\/{rel}","templated":true}]}}